{"id":3621,"date":"2026-03-03T07:49:26","date_gmt":"2026-03-03T06:49:26","guid":{"rendered":"https:\/\/www.vhv-anlagenbau.de\/?page_id=3621"},"modified":"2026-04-12T22:14:15","modified_gmt":"2026-04-12T20:14:15","slug":"","status":"publish","type":"page","link":"https:\/\/www.vhv-anlagenbau.de\/en\/karriere-neu\/offene-stellen\/ausbildung-industriekaufleute-m-w-d\/","title":{"rendered":"","raw":""},"content":{"rendered":"","protected":false,"raw":""},"excerpt":{"rendered":"","protected":false,"raw":""},"author":2,"featured_media":0,"parent":3703,"menu_order":4,"comment_status":"closed","ping_status":"closed","template":"100-width.php","meta":{"_de_post_content":"[fusion_builder_container hundred_percent=\"no\" hundred_percent_height=\"no\" hundred_percent_height_scroll=\"no\" hundred_percent_height_center_content=\"yes\" equal_height_columns=\"no\" hide_on_mobile=\"small-visibility,medium-visibility,large-visibility\" status=\"published\" background_position=\"center center\" background_repeat=\"no-repeat\" fade=\"no\" background_parallax=\"none\" enable_mobile=\"no\" parallax_speed=\"0.3\" video_aspect_ratio=\"16:9\" video_loop=\"yes\" video_mute=\"yes\" border_style=\"solid\" type=\"legacy\" admin_toggled=\"no\"][fusion_builder_row][fusion_builder_column type=\"1_1\" layout=\"1_1\" spacing=\"\" center_content=\"no\" link=\"\" target=\"_self\" min_height=\"\" hide_on_mobile=\"small-visibility,medium-visibility,large-visibility\" class=\"\" id=\"\" background_color=\"\" background_image=\"\" background_image_id=\"\" background_position=\"left top\" background_repeat=\"no-repeat\" hover_type=\"none\" border_color=\"\" border_style=\"solid\" border_position=\"all\" padding_top=\"\" padding_right=\"\" padding_bottom=\"\" padding_left=\"\" margin_top=\"\" margin_bottom=\"\" animation_type=\"\" animation_direction=\"left\" animation_speed=\"0.3\" animation_offset=\"\" last=\"true\" border_sizes_top=\"0\" border_sizes_bottom=\"0\" border_sizes_left=\"0\" border_sizes_right=\"0\" first=\"true\"][rev_slider alias=\"karriere-d\" \/][\/fusion_builder_column][\/fusion_builder_row][\/fusion_builder_container][fusion_builder_container hundred_percent=\"no\" hundred_percent_height=\"no\" hundred_percent_height_scroll=\"no\" hundred_percent_height_center_content=\"yes\" equal_height_columns=\"no\" hide_on_mobile=\"no\" status=\"published\" background_position=\"left top\" background_repeat=\"no-repeat\" fade=\"no\" background_parallax=\"none\" enable_mobile=\"no\" parallax_speed=\"0.3\" video_aspect_ratio=\"16:9\" video_loop=\"yes\" video_mute=\"yes\" border_style=\"solid\" margin_top=\"20px\" padding_top=\"2%\" padding_bottom=\"100px\" type=\"legacy\" border_sizes_top=\"0px\" border_sizes_bottom=\"0px\" border_sizes_left=\"0px\" border_sizes_right=\"0px\" admin_label=\"Kontakt\" admin_toggled=\"no\"][fusion_builder_row][fusion_builder_column type=\"1_1\" layout=\"1_2\" spacing=\"7%\" center_content=\"no\" link=\"\" target=\"_self\" min_height=\"\" hide_on_mobile=\"no\" class=\"\" id=\"\" background_image_id=\"\" background_color=\"\" background_image=\"\" background_position=\"left top\" undefined=\"\" background_repeat=\"no-repeat\" hover_type=\"none\" border_color=\"\" border_style=\"solid\" border_position=\"all\" padding_top=\"20px\" padding_right=\"20px\" padding_bottom=\"20px\" padding_left=\"20px\" margin_top=\"14px\" margin_bottom=\"30px\" animation_type=\"\" animation_direction=\"up\" animation_speed=\"0.7\" animation_offset=\"\" last=\"true\" border_sizes_top=\"0\" border_sizes_bottom=\"0\" border_sizes_left=\"0\" border_sizes_right=\"0\" first=\"true\"][fusion_text columns=\"\" column_min_width=\"\" column_spacing=\"\" rule_style=\"default\" rule_size=\"\" rule_color=\"\" content_alignment_medium=\"\" content_alignment_small=\"\" content_alignment=\"\" hide_on_mobile=\"small-visibility,medium-visibility,large-visibility\" sticky_display=\"normal,sticky\" class=\"\" id=\"\" margin_top=\"\" margin_right=\"\" margin_bottom=\"\" margin_left=\"\" font_size=\"\" fusion_font_family_text_font=\"\" fusion_font_variant_text_font=\"\" line_height=\"\" letter_spacing=\"\" text_color=\"\" animation_type=\"\" animation_direction=\"left\" animation_speed=\"0.3\" animation_offset=\"\"]\r\n<h4 class=\"fusion-responsive-typography-calculated\" style=\"--fontsize: 28; line-height: 1.29; --minfontsize: 28;\" data-fontsize=\"28\" data-lineheight=\"36.12px\">Ausbildung<\/h4>\r\n[\/fusion_text][fusion_text columns=\"\" column_min_width=\"\" column_spacing=\"\" rule_style=\"default\" rule_size=\"\" rule_color=\"\" content_alignment_medium=\"\" content_alignment_small=\"\" content_alignment=\"\" hide_on_mobile=\"small-visibility,medium-visibility,large-visibility\" sticky_display=\"normal,sticky\" class=\"\" id=\"\" margin_top=\"\" margin_right=\"\" margin_bottom=\"\" margin_left=\"\" font_size=\"\" fusion_font_family_text_font=\"\" fusion_font_variant_text_font=\"\" line_height=\"\" letter_spacing=\"\" text_color=\"\" animation_type=\"\" animation_direction=\"left\" animation_speed=\"0.3\" animation_offset=\"\"]\r\n<h1 data-fontsize=\"32\" data-lineheight=\"40px\">Industriekaufleute (m\/w\/d)<\/h1>\r\n[\/fusion_text][fusion_separator style_type=\"none\" hide_on_mobile=\"small-visibility,medium-visibility,large-visibility\" class=\"\" id=\"\" sep_color=\"\" top_margin=\"-20\" bottom_margin=\"-20\" border_size=\"\" icon=\"\" icon_circle=\"\" icon_circle_color=\"\" width=\"\" alignment=\"center\" \/][\/fusion_builder_column][fusion_builder_column type=\"1_2\" layout=\"1_2\" spacing=\"8%\" center_content=\"no\" link=\"\" target=\"_self\" min_height=\"\" hide_on_mobile=\"no\" class=\"\" id=\"\" background_image_id=\"\" background_color=\"\" background_image=\"\" background_position=\"left top\" undefined=\"\" background_repeat=\"no-repeat\" hover_type=\"none\" border_color=\"\" border_style=\"solid\" border_position=\"all\" padding_top=\"0px\" padding_right=\"20px\" padding_bottom=\"20px\" padding_left=\"20px\" margin_top=\"0px\" margin_bottom=\"\" animation_type=\"\" animation_direction=\"up\" animation_speed=\"0.7\" animation_offset=\"\" last=\"false\" border_sizes_top=\"0\" border_sizes_bottom=\"0\" border_sizes_left=\"0\" border_sizes_right=\"0\" first=\"true\" spacing_right=\"3.5%\"][fusion_text columns=\"\" column_min_width=\"\" column_spacing=\"\" rule_style=\"default\" rule_size=\"\" rule_color=\"\" content_alignment_medium=\"\" content_alignment_small=\"\" content_alignment=\"\" hide_on_mobile=\"small-visibility,medium-visibility,large-visibility\" sticky_display=\"normal,sticky\" class=\"\" id=\"\" margin_top=\"\" margin_right=\"\" margin_bottom=\"\" margin_left=\"\" font_size=\"\" fusion_font_family_text_font=\"\" fusion_font_variant_text_font=\"\" line_height=\"\" letter_spacing=\"\" text_color=\"\" animation_type=\"\" animation_direction=\"left\" animation_speed=\"0.3\" animation_offset=\"\"]\r\n\r\nWenn du ...\r\n\r\n[\/fusion_text][fusion_checklist iconcolor=\"#e30613\" circle=\"no\" size=\"24px\" hide_on_mobile=\"small-visibility,medium-visibility,large-visibility\"][fusion_li_item icon=\"\"]\r\n\r\nInteresse an betriebswirtschaftlichen Abl\u00e4ufen,\r\n\r\n[\/fusion_li_item][fusion_li_item icon=\"\"]\r\n\r\nTalent zur Planung und Organisation,\r\n\r\n[\/fusion_li_item][fusion_li_item icon=\"\"]\r\n\r\nmindestens einen Realschulabschluss hast\r\n\r\n[\/fusion_li_item][fusion_li_item icon=\"\"]\r\n\r\nund gerne im Team arbeitest ...\r\n\r\n[\/fusion_li_item][\/fusion_checklist][fusion_text columns=\"\" column_min_width=\"\" column_spacing=\"\" rule_style=\"default\" rule_size=\"\" rule_color=\"\" content_alignment_medium=\"\" content_alignment_small=\"\" content_alignment=\"\" hide_on_mobile=\"small-visibility,medium-visibility,large-visibility\" sticky_display=\"normal,sticky\" class=\"\" id=\"\" margin_top=\"20px\" margin_right=\"\" margin_bottom=\"\" margin_left=\"\" font_size=\"\" fusion_font_family_text_font=\"\" fusion_font_variant_text_font=\"\" line_height=\"\" letter_spacing=\"\" text_color=\"\" animation_type=\"\" animation_direction=\"left\" animation_speed=\"0.3\" animation_offset=\"\"]\r\n\r\n... dann bist du bei uns genau richtig f\u00fcr die Ausbildung!\r\n\r\n[\/fusion_text][\/fusion_builder_column][fusion_builder_column type=\"1_2\" layout=\"1_2\" align_self=\"auto\" content_layout=\"column\" align_content=\"flex-start\" valign_content=\"flex-start\" content_wrap=\"wrap\" spacing=\"\" center_content=\"no\" link=\"\" target=\"_self\" min_height=\"\" hide_on_mobile=\"small-visibility,medium-visibility,large-visibility\" sticky_display=\"normal,sticky\" class=\"\" id=\"\" order_medium=\"0\" order_small=\"0\" hover_type=\"none\" border_color=\"\" border_style=\"solid\" box_shadow=\"no\" box_shadow_blur=\"0\" box_shadow_spread=\"0\" box_shadow_color=\"\" box_shadow_style=\"\" background_type=\"single\" gradient_start_position=\"0\" gradient_end_position=\"100\" gradient_type=\"linear\" radial_direction=\"center center\" linear_angle=\"180\" background_color=\"\" background_image=\"\" background_image_id=\"\" background_position=\"left top\" background_repeat=\"no-repeat\" background_blend_mode=\"none\" filter_type=\"regular\" filter_hue=\"0\" filter_saturation=\"100\" filter_brightness=\"100\" filter_contrast=\"100\" filter_invert=\"0\" filter_sepia=\"0\" filter_opacity=\"100\" filter_blur=\"0\" filter_hue_hover=\"0\" filter_saturation_hover=\"100\" filter_brightness_hover=\"100\" filter_contrast_hover=\"100\" filter_invert_hover=\"0\" filter_sepia_hover=\"0\" filter_opacity_hover=\"100\" filter_blur_hover=\"0\" animation_type=\"\" animation_direction=\"left\" animation_speed=\"0.3\" animation_offset=\"\" first=\"false\" last=\"true\" spacing_left=\"1%\" border_position=\"all\"][fusion_imageframe image_id=\"3603|full\" max_width=\"\" sticky_max_width=\"\" style_type=\"\" blur=\"\" stylecolor=\"\" hover_type=\"none\" bordersize=\"\" bordercolor=\"\" borderradius=\"\" align_medium=\"none\" align_small=\"none\" align=\"none\" margin_top=\"\" margin_right=\"\" margin_bottom=\"\" margin_left=\"\" lightbox=\"no\" gallery_id=\"\" lightbox_image=\"\" lightbox_image_id=\"\" alt=\"\" link=\"\" linktarget=\"_self\" hide_on_mobile=\"small-visibility,medium-visibility,large-visibility\" sticky_display=\"normal,sticky\" class=\"\" id=\"\" animation_type=\"\" animation_direction=\"left\" animation_speed=\"0.3\" animation_offset=\"\" filter_hue=\"0\" filter_saturation=\"100\" filter_brightness=\"100\" filter_contrast=\"100\" filter_invert=\"0\" filter_sepia=\"0\" filter_opacity=\"100\" filter_blur=\"0\" filter_hue_hover=\"0\" filter_saturation_hover=\"100\" filter_brightness_hover=\"100\" filter_contrast_hover=\"100\" filter_invert_hover=\"0\" filter_sepia_hover=\"0\" filter_opacity_hover=\"100\" filter_blur_hover=\"0\"]https:\/\/www.vhv-anlagenbau.de\/vhv2020\/wp-content\/uploads\/2026\/03\/VHV-Anlagenbau_Industriekaufmann.jpg[\/fusion_imageframe][\/fusion_builder_column][\/fusion_builder_row][\/fusion_builder_container][fusion_builder_container type=\"flex\" hundred_percent=\"no\" hundred_percent_height=\"no\" hundred_percent_height_scroll=\"no\" align_content=\"stretch\" flex_align_items=\"flex-start\" flex_justify_content=\"flex-start\" hundred_percent_height_center_content=\"yes\" equal_height_columns=\"no\" container_tag=\"div\" hide_on_mobile=\"small-visibility,medium-visibility,large-visibility\" status=\"published\" border_style=\"solid\" box_shadow=\"no\" box_shadow_blur=\"0\" box_shadow_spread=\"0\" gradient_start_position=\"0\" gradient_end_position=\"100\" gradient_type=\"linear\" radial_direction=\"center center\" linear_angle=\"180\" background_position=\"center center\" background_repeat=\"no-repeat\" fade=\"no\" background_parallax=\"none\" enable_mobile=\"no\" parallax_speed=\"0.3\" background_blend_mode=\"none\" video_aspect_ratio=\"16:9\" video_loop=\"yes\" video_mute=\"yes\" absolute=\"off\" absolute_devices=\"small,medium,large\" sticky=\"off\" sticky_devices=\"small-visibility,medium-visibility,large-visibility\" sticky_transition_offset=\"0\" scroll_offset=\"0\" animation_direction=\"left\" animation_speed=\"0.3\" filter_hue=\"0\" filter_saturation=\"100\" filter_brightness=\"100\" filter_contrast=\"100\" filter_invert=\"0\" filter_sepia=\"0\" filter_opacity=\"100\" filter_blur=\"0\" filter_hue_hover=\"0\" filter_saturation_hover=\"100\" filter_brightness_hover=\"100\" filter_contrast_hover=\"100\" filter_invert_hover=\"0\" filter_sepia_hover=\"0\" filter_opacity_hover=\"100\" filter_blur_hover=\"0\" admin_label=\"offene Stellen\" admin_toggled=\"no\" padding_top=\"60px\" padding_bottom=\"100px\" background_color=\"#dbe2ea\" margin_bottom=\"30px\"][fusion_builder_row][fusion_builder_column type=\"3_4\" layout=\"1_2\" spacing=\"7%\" center_content=\"no\" link=\"\" target=\"_self\" min_height=\"\" hide_on_mobile=\"no\" class=\"\" id=\"\" background_image_id=\"\" background_color=\"\" background_image=\"\" background_position=\"left top\" undefined=\"\" background_repeat=\"no-repeat\" hover_type=\"none\" border_color=\"\" border_style=\"solid\" border_position=\"all\" padding_top=\"0px\" padding_right=\"20px\" padding_bottom=\"0px\" padding_left=\"20px\" margin_top=\"0px\" margin_bottom=\"0px\" animation_type=\"\" animation_direction=\"up\" animation_speed=\"0.7\" animation_offset=\"\" last=\"true\" border_sizes_top=\"0\" border_sizes_bottom=\"0\" border_sizes_left=\"0\" border_sizes_right=\"0\" first=\"true\" spacing_right=\"2%\"][fusion_text columns=\"\" column_min_width=\"\" column_spacing=\"\" rule_style=\"default\" rule_size=\"\" rule_color=\"\" hide_on_mobile=\"small-visibility,medium-visibility,large-visibility\" class=\"\" id=\"\"]\r\n<h4 class=\"fusion-responsive-typography-calculated\" style=\"--fontsize: 28; line-height: 1.29; --minfontsize: 28;\" data-fontsize=\"28\" data-lineheight=\"36.12px\">Das erwartet Dich:<\/h4>\r\n[\/fusion_text][fusion_text columns=\"\" column_min_width=\"\" column_spacing=\"\" rule_style=\"default\" rule_size=\"\" rule_color=\"\" content_alignment_medium=\"\" content_alignment_small=\"\" content_alignment=\"\" hide_on_mobile=\"small-visibility,medium-visibility,large-visibility\" sticky_display=\"normal,sticky\" class=\"\" id=\"\" margin_top=\"\" margin_right=\"\" margin_bottom=\"\" margin_left=\"\" font_size=\"\" fusion_font_family_text_font=\"\" fusion_font_variant_text_font=\"\" line_height=\"\" letter_spacing=\"\" text_color=\"\" animation_type=\"\" animation_direction=\"left\" animation_speed=\"0.3\" animation_offset=\"\"]\r\n\r\nW\u00e4hrend deiner 3-j\u00e4hrigen Ausbildung durchl\u00e4ufst du im Unternehmen die verschiedenen kaufm\u00e4nnischen Abteilungen. Dazu z\u00e4hlen neben dem Einkauf und dem Vertrieb auch die Bereiche Marketing, Arbeitsvorbereitung, Versand und Logistik sowie die Finanzbuchhaltung und die Personalabteilung.\r\n\r\nIn jeder Abteilung wirst du von den Ausbildungsbeauftragten betreut und in die betrieblichen Prozesse eingef\u00fchrt. In der Vertriebsabteilung lernst du zum Beispiel, wie Angebote erstellt und Kunden betreut werden. Im Einkauf erstellst du Anfragen und Bestellungen und lernst unsere Lieferanten kennen. So erh\u00e4ltst du in jeder Abteilung einen Einblick in die kaufm\u00e4nnischen Prozesse des Unternehmens.\r\n\r\n[\/fusion_text][\/fusion_builder_column][\/fusion_builder_row][\/fusion_builder_container][fusion_builder_container hundred_percent=\"no\" hundred_percent_height=\"no\" hundred_percent_height_scroll=\"no\" hundred_percent_height_center_content=\"yes\" equal_height_columns=\"no\" hide_on_mobile=\"no\" status=\"published\" background_position=\"center bottom\" background_repeat=\"no-repeat\" fade=\"no\" background_parallax=\"none\" enable_mobile=\"no\" parallax_speed=\"0.3\" video_aspect_ratio=\"16:9\" video_loop=\"yes\" video_mute=\"yes\" border_style=\"solid\" padding_top=\"4%\" padding_bottom=\"5%\" type=\"legacy\" border_sizes_top=\"0px\" border_sizes_bottom=\"0px\" border_sizes_left=\"0px\" border_sizes_right=\"0px\" admin_label=\"Hinweis Ausbildungsm\u00f6glichkeiten\" admin_toggled=\"no\"][fusion_builder_row][fusion_builder_column type=\"1_2\" layout=\"1_2\" spacing=\"7%\" center_content=\"no\" link=\"\" target=\"_self\" min_height=\"\" hide_on_mobile=\"no\" class=\"\" id=\"\" background_image_id=\"\" background_color=\"\" background_image=\"\" background_position=\"left top\" undefined=\"\" background_repeat=\"no-repeat\" hover_type=\"none\" border_color=\"\" border_style=\"solid\" border_position=\"all\" padding_top=\"0px\" padding_right=\"20px\" padding_bottom=\"50px\" padding_left=\"20px\" margin_top=\"0px\" margin_bottom=\"0px\" animation_type=\"\" animation_direction=\"up\" animation_speed=\"0.7\" animation_offset=\"\" last=\"false\" border_sizes_top=\"0\" border_sizes_bottom=\"0\" border_sizes_left=\"0\" border_sizes_right=\"0\" first=\"true\" spacing_right=\"5.25%\"][fusion_text columns=\"\" column_min_width=\"\" column_spacing=\"\" rule_style=\"default\" rule_size=\"\" rule_color=\"\" hide_on_mobile=\"small-visibility,medium-visibility,large-visibility\" class=\"\" id=\"\"]\r\n<h4 class=\"fusion-responsive-typography-calculated\" style=\"--fontsize: 28; line-height: 1.29; --minfontsize: 28;\" data-fontsize=\"28\" data-lineheight=\"36.12px\">Darauf darfst du dich freuen:<\/h4>\r\n[\/fusion_text][fusion_checklist iconcolor=\"#e30613\" circle=\"no\" size=\"24px\" hide_on_mobile=\"small-visibility,medium-visibility,large-visibility\"][fusion_li_item icon=\"\"]\r\n\r\nAbwechslungsreiche und interessante Aufgaben\r\n\r\n[\/fusion_li_item][fusion_li_item icon=\"\"]\r\n\r\nKollegiale Zusammenarbeit - DUZ-Kultur\r\n\r\n[\/fusion_li_item][fusion_li_item icon=\"\"]\r\n\r\n13 Monatsgeh\u00e4lter, 30 Tage Jahresurlaub\r\n\r\n[\/fusion_li_item][fusion_li_item icon=\"\"]\r\n\r\nWeitere Benefits, wie z. B. regelm\u00e4\u00dfige Teambuilding\u00adma\u00dfnahmen, gute \u00dcbernahmechancen und ergonomische und moderne Arbeitspl\u00e4tze\r\n\r\n[\/fusion_li_item][\/fusion_checklist][\/fusion_builder_column][fusion_builder_column type=\"1_2\" layout=\"1_2\" spacing=\"yes\" center_content=\"no\" link=\"\" target=\"_self\" min_height=\"\" hide_on_mobile=\"no\" class=\"\" id=\"\" background_image_id=\"\" background_color=\"\" background_image=\"\" background_position=\"left top\" undefined=\"\" background_repeat=\"no-repeat\" hover_type=\"none\" border_color=\"\" border_style=\"solid\" border_position=\"all\" padding_top=\"0px\" padding_right=\"20px\" padding_bottom=\"20px\" padding_left=\"20px\" margin_top=\"0px\" margin_bottom=\"\" animation_type=\"\" animation_direction=\"down\" animation_speed=\"0.1\" animation_offset=\"\" last=\"true\" border_sizes_top=\"0\" border_sizes_bottom=\"0\" border_sizes_left=\"0\" border_sizes_right=\"0\" first=\"false\" spacing_left=\"3.5%\"][fusion_text columns=\"\" column_min_width=\"\" column_spacing=\"\" rule_style=\"default\" rule_size=\"\" rule_color=\"\" hide_on_mobile=\"small-visibility,medium-visibility,large-visibility\" class=\"\" id=\"\" fusion_font_variant_text_font=\"\" margin_top=\"0\"]\r\n<h4 class=\"fusion-responsive-typography-calculated\" style=\"--fontsize: 28; line-height: 1.29; --minfontsize: 28;\" data-fontsize=\"28\" data-lineheight=\"36.12px\">Dein Ansprechpartner<\/h4>\r\n[\/fusion_text][fusion_imageframe image_id=\"3561|full\" max_width=\"400px\" sticky_max_width=\"\" style_type=\"\" blur=\"\" stylecolor=\"\" hover_type=\"none\" bordersize=\"\" bordercolor=\"\" borderradius=\"\" align_medium=\"none\" align_small=\"none\" align=\"none\" lightbox=\"no\" gallery_id=\"\" lightbox_image=\"\" lightbox_image_id=\"\" alt=\"\" link=\"\" linktarget=\"_self\" animation_type=\"\" animation_direction=\"left\" animation_speed=\"0.3\" animation_offset=\"\" hide_on_mobile=\"small-visibility,medium-visibility,large-visibility\" sticky_display=\"normal,sticky\" class=\"\" id=\"\" filter_hue=\"0\" filter_saturation=\"100\" filter_brightness=\"100\" filter_contrast=\"100\" filter_invert=\"0\" filter_sepia=\"0\" filter_opacity=\"100\" filter_blur=\"0\" filter_hue_hover=\"0\" filter_saturation_hover=\"100\" filter_brightness_hover=\"100\" filter_contrast_hover=\"100\" filter_invert_hover=\"0\" filter_sepia_hover=\"0\" filter_opacity_hover=\"100\" filter_blur_hover=\"0\" margin_bottom=\"10px\"]https:\/\/www.vhv-anlagenbau.de\/vhv2020\/wp-content\/uploads\/2026\/03\/VHV-Anlagenbau_Personalreferent_Jan-Wesselmeier.jpg[\/fusion_imageframe][fusion_text columns=\"\" column_min_width=\"\" column_spacing=\"\" rule_style=\"default\" rule_size=\"\" rule_color=\"\" hide_on_mobile=\"small-visibility,medium-visibility,large-visibility\" class=\"\" id=\"\"]\r\n\r\nJan Wesselmeier\r\nPersonalreferent\r\nTel. <a href=\"tel:00495459933873\">+49 (0)5459 9338-73<\/a>\r\n<a href=\"mailto:bewerbung@vhv-anlagenbau.de\">bewerbung@vhv-anlagenbau.de<\/a>\r\n\r\n[\/fusion_text][fusion_button link=\"https:\/\/www.vhv-anlagenbau.de\/karriere\/bewerbungsformular\/\" text_transform=\"\" title=\"\" target=\"_self\" link_attributes=\"\" alignment_medium=\"\" alignment_small=\"\" alignment=\"\" modal=\"\" hide_on_mobile=\"small-visibility,medium-visibility,large-visibility\" sticky_display=\"normal,sticky\" class=\"\" id=\"\" color=\"default\" button_gradient_top_color=\"\" button_gradient_bottom_color=\"\" button_gradient_top_color_hover=\"\" button_gradient_bottom_color_hover=\"\" accent_color=\"\" accent_hover_color=\"\" type=\"\" bevel_color=\"\" border_width=\"\" border_radius=\"\" border_color=\"\" border_hover_color=\"\" size=\"\" stretch=\"default\" margin_top=\"50px\" margin_right=\"\" margin_bottom=\"\" margin_left=\"\" icon=\"fa-angle-right fas\" icon_position=\"right\" icon_divider=\"yes\" animation_type=\"\" animation_direction=\"left\" animation_speed=\"0.3\" animation_offset=\"\"]Hier bewerben und Teil unseres engagierten Teams werden[\/fusion_button][\/fusion_builder_column][\/fusion_builder_row][\/fusion_builder_container][fusion_builder_container hundred_percent=\"yes\" hundred_percent_height=\"no\" hundred_percent_height_scroll=\"no\" hundred_percent_height_center_content=\"yes\" equal_height_columns=\"no\" hide_on_mobile=\"no\" status=\"published\" background_position=\"center center\" background_repeat=\"no-repeat\" fade=\"no\" background_parallax=\"none\" enable_mobile=\"no\" parallax_speed=\"0.5\" video_aspect_ratio=\"16:9\" video_loop=\"yes\" video_mute=\"yes\" border_style=\"solid\" margin_top=\"0px\" margin_bottom=\"0px\" padding_top=\"0px\" padding_right=\"0px\" padding_bottom=\"0px\" padding_left=\"0px\" type=\"legacy\" flex_column_spacing=\"0px\" border_sizes_top=\"0px\" border_sizes_bottom=\"0px\" border_sizes_left=\"0px\" border_sizes_right=\"0px\" admin_label=\"Gallerie\" admin_toggled=\"yes\"][fusion_builder_row][fusion_builder_column type=\"1_1\" layout=\"1_1\" spacing=\"no\" center_content=\"no\" link=\"\" target=\"_self\" min_height=\"\" hide_on_mobile=\"yes\" class=\"\" id=\"\" background_image_id=\"\" background_color=\"\" background_image=\"\" background_position=\"left top\" undefined=\"\" background_repeat=\"no-repeat\" hover_type=\"none\" border_color=\"\" border_style=\"solid\" border_position=\"all\" padding_top=\"0\" padding_right=\"0\" padding_bottom=\"0\" padding_left=\"0\" margin_top=\"0\" margin_bottom=\"0\" animation_type=\"\" animation_direction=\"up\" animation_speed=\"1.0\" animation_offset=\"\" last=\"true\" border_sizes_top=\"0\" border_sizes_bottom=\"0\" border_sizes_left=\"0\" border_sizes_right=\"0\" first=\"true\"][fusion_gallery columns=\"6\" column_spacing=\"0\" hover_type=\"liftup\" lightbox=\"yes\" hide_on_mobile=\"small-visibility,medium-visibility,large-visibility\"][fusion_gallery_image image=\"\" image_id=\"1010\" \/][fusion_gallery_image image=\"\" image_id=\"870\" \/][fusion_gallery_image image=\"\" image_id=\"877\" \/][fusion_gallery_image image=\"\" image_id=\"885\" \/][fusion_gallery_image image=\"\" image_id=\"1014\" \/][fusion_gallery_image image=\"\" image_id=\"872\" \/][\/fusion_gallery][\/fusion_builder_column][\/fusion_builder_row][\/fusion_builder_container]","_de_post_name":"ausbildung-industriekaufleute-m-w-d","_de_post_excerpt":"","_de_post_title":"Ausbildung - Industriekaufleute (m\/w\/d)","_fr_post_content":"","_fr_post_name":"","_fr_post_excerpt":"","_fr_post_title":"","_en_post_content":"","_en_post_name":"","_en_post_excerpt":"","_en_post_title":"","edit_language":"en","footnotes":""},"class_list":["post-3621","page","type-page","status-publish","hentry"],"_links":{"self":[{"href":"https:\/\/www.vhv-anlagenbau.de\/en\/wp-json\/wp\/v2\/pages\/3621","targetHints":{"allow":["GET"]}}],"collection":[{"href":"https:\/\/www.vhv-anlagenbau.de\/en\/wp-json\/wp\/v2\/pages"}],"about":[{"href":"https:\/\/www.vhv-anlagenbau.de\/en\/wp-json\/wp\/v2\/types\/page"}],"author":[{"embeddable":true,"href":"https:\/\/www.vhv-anlagenbau.de\/en\/wp-json\/wp\/v2\/users\/2"}],"replies":[{"embeddable":true,"href":"https:\/\/www.vhv-anlagenbau.de\/en\/wp-json\/wp\/v2\/comments?post=3621"}],"version-history":[{"count":3,"href":"https:\/\/www.vhv-anlagenbau.de\/en\/wp-json\/wp\/v2\/pages\/3621\/revisions"}],"predecessor-version":[{"id":3839,"href":"https:\/\/www.vhv-anlagenbau.de\/en\/wp-json\/wp\/v2\/pages\/3621\/revisions\/3839"}],"up":[{"embeddable":true,"href":"https:\/\/www.vhv-anlagenbau.de\/en\/wp-json\/wp\/v2\/pages\/3703"}],"wp:attachment":[{"href":"https:\/\/www.vhv-anlagenbau.de\/en\/wp-json\/wp\/v2\/media?parent=3621"}],"curies":[{"name":"wp","href":"https:\/\/api.w.org\/{rel}","templated":true}]}}